{"id":1243,"date":"2026-01-25T20:53:23","date_gmt":"2026-01-25T19:53:23","guid":{"rendered":"https:\/\/www.mb-objects.at\/?post_type=product&#038;p=1243"},"modified":"2026-02-15T20:37:39","modified_gmt":"2026-02-15T19:37:39","slug":"spinne-magnetisch-gross","status":"publish","type":"product","link":"https:\/\/www.mb-objects.at\/?product=spinne-magnetisch-gross","title":{"rendered":"Spinne Magnetisch gro\u00df"},"content":{"rendered":"","protected":false},"excerpt":{"rendered":"<p class=\"p1\">Haftet an K\u00fchlschr\u00e4nken, T\u00fcrst\u00f6cken,<br \/>\nMagnetw\u00e4nden u. v. m.<b><br \/>\n<\/b><b><\/b>Zum Spielen oder zum Befestigen von Notizen.<\/p>\n<p><strong>Wunschfarben oder Abholungen<\/strong><br \/>\nBitte per Anfrage<a href=\"mailto:office@mb-objects.at\"><br \/>\n<i class=\"icon-mail\"><\/i> office@mb-objects.at<\/a><\/p>\n","protected":false},"featured_media":1151,"comment_status":"open","ping_status":"closed","template":"","meta":[],"product_brand":[],"product_cat":[164,166],"product_tag":[171,170],"class_list":{"0":"post-1243","1":"product","2":"type-product","3":"status-publish","4":"has-post-thumbnail","6":"product_cat-3d-druck","7":"product_cat-figuren-beweglich","8":"product_tag-beweglich","9":"product_tag-magnet","11":"first","12":"instock","13":"shipping-taxable","14":"purchasable","15":"product-type-simple"},"jetpack_sharing_enabled":true,"_links":{"self":[{"href":"https:\/\/www.mb-objects.at\/index.php?rest_route=\/wp\/v2\/product\/1243","targetHints":{"allow":["GET"]}}],"collection":[{"href":"https:\/\/www.mb-objects.at\/index.php?rest_route=\/wp\/v2\/product"}],"about":[{"href":"https:\/\/www.mb-objects.at\/index.php?rest_route=\/wp\/v2\/types\/product"}],"replies":[{"embeddable":true,"href":"https:\/\/www.mb-objects.at\/index.php?rest_route=%2Fwp%2Fv2%2Fcomments&post=1243"}],"wp:featuredmedia":[{"embeddable":true,"href":"https:\/\/www.mb-objects.at\/index.php?rest_route=\/wp\/v2\/media\/1151"}],"wp:attachment":[{"href":"https:\/\/www.mb-objects.at\/index.php?rest_route=%2Fwp%2Fv2%2Fmedia&parent=1243"}],"wp:term":[{"taxonomy":"product_brand","embeddable":true,"href":"https:\/\/www.mb-objects.at\/index.php?rest_route=%2Fwp%2Fv2%2Fproduct_brand&post=1243"},{"taxonomy":"product_cat","embeddable":true,"href":"https:\/\/www.mb-objects.at\/index.php?rest_route=%2Fwp%2Fv2%2Fproduct_cat&post=1243"},{"taxonomy":"product_tag","embeddable":true,"href":"https:\/\/www.mb-objects.at\/index.php?rest_route=%2Fwp%2Fv2%2Fproduct_tag&post=1243"}],"curies":[{"name":"wp","href":"https:\/\/api.w.org\/{rel}","templated":true}]}}