{"id":973,"date":"2025-12-29T22:22:56","date_gmt":"2025-12-29T21:22:56","guid":{"rendered":"https:\/\/www.mb-objects.at\/?post_type=product&#038;p=973"},"modified":"2026-01-20T21:40:02","modified_gmt":"2026-01-20T20:40:02","slug":"kuerbisse","status":"publish","type":"product","link":"https:\/\/www.mb-objects.at\/?product=kuerbisse","title":{"rendered":"K\u00fcrbisse"},"content":{"rendered":"","protected":false},"excerpt":{"rendered":"<p>Diese niedlichen kleinen K\u00fcrbislaternen freuen sich schon aufs S\u00fc\u00dfes-oder-Saures-Sammeln an Halloween. Dank ihrer beweglichen Arme und K\u00f6pfe lassen sie sich in verschiedene Posen bringen. Tausche Stiel und K\u00f6rper aus und kreiere so deine ganz eigene K\u00fcrbisfigur. Gestalte Minis oder drucke nur die K\u00f6pfe mit geschwungenen Stielen f\u00fcr lustige Schl\u00fcsselanh\u00e4nger. Sie kommen sogar mit verschiedenen Accessoires und Gegenst\u00e4nden f\u00fcr ihren gruseligen Halloween-Abend! Die K\u00fcrbisse k\u00f6nnen mehrfarbig oder als Einzelteile gedruckt werden.<\/p>\n<p><strong>Wunschfarben oder Abholungen<\/strong><br \/>\nBitte per Anfrage<a href=\"mailto:office@mb-objects.at\"><br \/>\n<i class=\"icon-mail\"><\/i> office@mb-objects.at<\/a><\/p>\n","protected":false},"featured_media":955,"comment_status":"open","ping_status":"closed","template":"","meta":[],"product_brand":[],"product_cat":[164,166],"product_tag":[171,211],"class_list":{"0":"post-973","1":"product","2":"type-product","3":"status-publish","4":"has-post-thumbnail","6":"product_cat-3d-druck","7":"product_cat-figuren-beweglich","8":"product_tag-beweglich","9":"product_tag-helloween","11":"first","12":"instock","13":"shipping-taxable","14":"purchasable","15":"product-type-variable"},"jetpack_sharing_enabled":true,"_links":{"self":[{"href":"https:\/\/www.mb-objects.at\/index.php?rest_route=\/wp\/v2\/product\/973","targetHints":{"allow":["GET"]}}],"collection":[{"href":"https:\/\/www.mb-objects.at\/index.php?rest_route=\/wp\/v2\/product"}],"about":[{"href":"https:\/\/www.mb-objects.at\/index.php?rest_route=\/wp\/v2\/types\/product"}],"replies":[{"embeddable":true,"href":"https:\/\/www.mb-objects.at\/index.php?rest_route=%2Fwp%2Fv2%2Fcomments&post=973"}],"wp:featuredmedia":[{"embeddable":true,"href":"https:\/\/www.mb-objects.at\/index.php?rest_route=\/wp\/v2\/media\/955"}],"wp:attachment":[{"href":"https:\/\/www.mb-objects.at\/index.php?rest_route=%2Fwp%2Fv2%2Fmedia&parent=973"}],"wp:term":[{"taxonomy":"product_brand","embeddable":true,"href":"https:\/\/www.mb-objects.at\/index.php?rest_route=%2Fwp%2Fv2%2Fproduct_brand&post=973"},{"taxonomy":"product_cat","embeddable":true,"href":"https:\/\/www.mb-objects.at\/index.php?rest_route=%2Fwp%2Fv2%2Fproduct_cat&post=973"},{"taxonomy":"product_tag","embeddable":true,"href":"https:\/\/www.mb-objects.at\/index.php?rest_route=%2Fwp%2Fv2%2Fproduct_tag&post=973"}],"curies":[{"name":"wp","href":"https:\/\/api.w.org\/{rel}","templated":true}]}}